{"id":1955,"date":"2020-01-30T09:49:58","date_gmt":"2020-01-30T08:49:58","guid":{"rendered":"https:\/\/www.trueffel-vom-hof.ch\/product\/truffe-du-perigord-classe-1-suisse-tuber-melanosporum\/"},"modified":"2025-07-09T16:27:44","modified_gmt":"2025-07-09T14:27:44","slug":"truffe-du-perigord-classe-1-suisse-tuber-melanosporum","status":"publish","type":"product","link":"https:\/\/www.trueffel-vom-hof.ch\/fr\/product\/truffe-du-perigord-classe-1-suisse-tuber-melanosporum\/","title":{"rendered":"Truffe du P\u00e9rigord \u2013 Classe 1 Suisse (Tuber melanosporum)"},"content":{"rendered":"<p data-start=\"237\" data-end=\"585\"><strong data-start=\"237\" data-end=\"257\">Qualit\u00e9 Classe 1<\/strong> : Truffes fra\u00eeches de premi\u00e8re qualit\u00e9, r\u00e9colt\u00e9es \u00e0 maturit\u00e9 optimale.<br data-start=\"328\" data-end=\"331\">Sans parasites ni traces de morsure. Truffes enti\u00e8res, arrondies ou bossel\u00e9es, <strong data-start=\"410\" data-end=\"439\">min. 20 grammes par pi\u00e8ce<\/strong>, sans blessures ni cavit\u00e9s internes, coupe visible du p\u00e9ridium, truffes belles et repr\u00e9sentatives de classe sup\u00e9rieure. Bross\u00e9es \u00e0 sec ou lav\u00e9es.<\/p>\n<p data-start=\"587\" data-end=\"808\"><strong data-start=\"587\" data-end=\"596\">Forme<\/strong> : Ext\u00e9rieur noir mat, verrues plates et r\u00e9guli\u00e8res, p\u00e9ridium parfois fissur\u00e9 ; formes souvent rondes, <strong data-start=\"699\" data-end=\"725\">diam\u00e8tre de 10 \u00e0 60 mm<\/strong>.<br data-start=\"726\" data-end=\"729\">Int\u00e9rieur noir, rouge-noir \u00e0 bleu-noir, veines fines, blanches et peu marqu\u00e9es.<\/p>\n<p data-start=\"810\" data-end=\"964\"><strong data-start=\"810\" data-end=\"826\">Odeur \/ Go\u00fbt<\/strong> : Ar\u00f4me riche et complexe de musc, terre, <strong data-start=\"869\" data-end=\"881\">noisette<\/strong>, <strong data-start=\"883\" data-end=\"892\">baies<\/strong> et <strong data-start=\"896\" data-end=\"908\">chocolat<\/strong>.<br data-start=\"909\" data-end=\"912\">Saveur harmonieuse, <strong data-start=\"932\" data-end=\"963\">tr\u00e8s attractive et \u00e9l\u00e9gante<\/strong>.<\/p>\n<p data-start=\"966\" data-end=\"1146\"><strong data-start=\"966\" data-end=\"977\">Origine<\/strong> : Les truffes sauvages sont <strong data-start=\"1006\" data-end=\"1037\">extr\u00eamement rares en Suisse<\/strong>.<br data-start=\"1038\" data-end=\"1041\">Ces truffes proviennent de <strong data-start=\"1068\" data-end=\"1104\">plantations suisses sp\u00e9cialis\u00e9es<\/strong>, cultiv\u00e9es par des trufficulteurs locaux.<\/p>\n<p data-start=\"1148\" data-end=\"1284\"><strong data-start=\"1148\" data-end=\"1171\">P\u00e9riode de maturit\u00e9<\/strong> : <strong data-start=\"1174\" data-end=\"1196\">D\u00e9cembre \u00e0 f\u00e9vrier<\/strong> ; la pleine saison est en <strong data-start=\"1223\" data-end=\"1234\">janvier<\/strong>, parfois jusqu\u2019\u00e0 d\u00e9but mars selon les conditions.<\/p>\n<p data-start=\"1286\" data-end=\"1580\"><strong data-start=\"1286\" data-end=\"1306\">Valeur culinaire<\/strong> : Champignon gastronomique d\u2019exception, au parfum <strong data-start=\"1357\" data-end=\"1379\">profond et raffin\u00e9<\/strong>, \u00e0 d\u00e9guster <strong data-start=\"1392\" data-end=\"1421\">cru ou l\u00e9g\u00e8rement chauff\u00e9<\/strong>.<br data-start=\"1422\" data-end=\"1425\">Polyvalente, elle s\u2019accorde avec : <strong data-start=\"1460\" data-end=\"1523\">terrines, \u0153ufs, risottos, fromages, sauces et m\u00eame desserts<\/strong>.<br data-start=\"1524\" data-end=\"1527\">Truffe tr\u00e8s recherch\u00e9e dans la <strong data-start=\"1558\" data-end=\"1579\">haute gastronomie<\/strong>.<\/p>\n","protected":false},"excerpt":{"rendered":"<p>Envoi uniquement en Suisse (envoi + emballage 18.-)<\/p>\n","protected":false},"featured_media":1894,"template":"","meta":{"_acf_changed":false,"site-sidebar-layout":"default","site-content-layout":"default","ast-site-content-layout":"default","site-content-style":"default","site-sidebar-style":"default","ast-global-header-display":"","ast-banner-title-visibility":"","ast-main-header-display":"","ast-hfb-above-header-display":"","ast-hfb-below-header-display":"","ast-hfb-mobile-header-display":"","site-post-title":"","ast-breadcrumbs-content":"","ast-featured-img":"","footer-sml-layout":"","theme-transparent-header-meta":"default","adv-header-id-meta":"","stick-header-meta":"default","header-above-stick-meta":"","header-main-stick-meta":"","header-below-stick-meta":"","astra-migrate-meta-layouts":"default","ast-page-background-enabled":"default","ast-page-background-meta":{"desktop":{"background-color":"","background-image":"","background-repeat":"repeat","background-position":"center center","background-size":"auto","background-attachment":"scroll","background-type":"","background-media":"","overlay-type":"","overlay-color":"","overlay-opacity":"","overlay-gradient":""},"tablet":{"background-color":"","background-image":"","background-repeat":"repeat","background-position":"center center","background-size":"auto","background-attachment":"scroll","background-type":"","background-media":"","overlay-type":"","overlay-color":"","overlay-opacity":"","overlay-gradient":""},"mobile":{"background-color":"","background-image":"","background-repeat":"repeat","background-position":"center center","background-size":"auto","background-attachment":"scroll","background-type":"","background-media":"","overlay-type":"","overlay-color":"","overlay-opacity":"","overlay-gradient":""}},"ast-content-background-meta":{"desktop":{"background-color":"var(--ast-global-color-5)","background-image":"","background-repeat":"repeat","background-position":"center center","background-size":"auto","background-attachment":"scroll","background-type":"","background-media":"","overlay-type":"","overlay-color":"","overlay-opacity":"","overlay-gradient":""},"tablet":{"background-color":"var(--ast-global-color-5)","background-image":"","background-repeat":"repeat","background-position":"center center","background-size":"auto","background-attachment":"scroll","background-type":"","background-media":"","overlay-type":"","overlay-color":"","overlay-opacity":"","overlay-gradient":""},"mobile":{"background-color":"var(--ast-global-color-5)","background-image":"","background-repeat":"repeat","background-position":"center center","background-size":"auto","background-attachment":"scroll","background-type":"","background-media":"","overlay-type":"","overlay-color":"","overlay-opacity":"","overlay-gradient":""}}},"product_brand":[],"product_cat":[47],"product_tag":[],"class_list":{"0":"post-1955","1":"product","2":"type-product","3":"status-publish","4":"has-post-thumbnail","6":"product_cat-truffe","7":"desktop-align-center","8":"tablet-align-center","9":"mobile-align-center","10":"ast-product-gallery-layout-horizontal","11":"ast-product-gallery-with-no-image","13":"first","14":"outofstock","15":"shipping-taxable","16":"purchasable","17":"product-type-simple"},"acf":[],"_links":{"self":[{"href":"https:\/\/www.trueffel-vom-hof.ch\/fr\/wp-json\/wp\/v2\/product\/1955","targetHints":{"allow":["GET"]}}],"collection":[{"href":"https:\/\/www.trueffel-vom-hof.ch\/fr\/wp-json\/wp\/v2\/product"}],"about":[{"href":"https:\/\/www.trueffel-vom-hof.ch\/fr\/wp-json\/wp\/v2\/types\/product"}],"wp:featuredmedia":[{"embeddable":true,"href":"https:\/\/www.trueffel-vom-hof.ch\/fr\/wp-json\/wp\/v2\/media\/1894"}],"wp:attachment":[{"href":"https:\/\/www.trueffel-vom-hof.ch\/fr\/wp-json\/wp\/v2\/media?parent=1955"}],"wp:term":[{"taxonomy":"product_brand","embeddable":true,"href":"https:\/\/www.trueffel-vom-hof.ch\/fr\/wp-json\/wp\/v2\/product_brand?post=1955"},{"taxonomy":"product_cat","embeddable":true,"href":"https:\/\/www.trueffel-vom-hof.ch\/fr\/wp-json\/wp\/v2\/product_cat?post=1955"},{"taxonomy":"product_tag","embeddable":true,"href":"https:\/\/www.trueffel-vom-hof.ch\/fr\/wp-json\/wp\/v2\/product_tag?post=1955"}],"curies":[{"name":"wp","href":"https:\/\/api.w.org\/{rel}","templated":true}]}}