{"id":1953,"date":"2020-03-10T16:32:54","date_gmt":"2020-03-10T15:32:54","guid":{"rendered":"https:\/\/www.trueffel-vom-hof.ch\/product\/truffe-dhiver-selection-cuisine-suisse-tuber-brumale\/"},"modified":"2025-07-09T16:24:18","modified_gmt":"2025-07-09T14:24:18","slug":"truffe-dhiver-selection-cuisine-suisse-tuber-brumale","status":"publish","type":"product","link":"https:\/\/www.trueffel-vom-hof.ch\/fr\/product\/truffe-dhiver-selection-cuisine-suisse-tuber-brumale\/","title":{"rendered":"Truffe d\u2019hiver \u2013 S\u00e9lection cuisine Suisse (Tuber brumale)"},"content":{"rendered":"<p data-start=\"214\" data-end=\"483\"><strong data-start=\"214\" data-end=\"243\">Qualit\u00e9 S\u00e9lection cuisine<\/strong> : Truffes fra\u00eeches de premi\u00e8re qualit\u00e9, r\u00e9colt\u00e9es \u00e0 pleine maturit\u00e9.<br data-start=\"312\" data-end=\"315\">Traces ab\u00eem\u00e9es soigneusement retir\u00e9es ou truffes coup\u00e9es en deux, <strong data-start=\"381\" data-end=\"409\">min. 5 grammes par pi\u00e8ce<\/strong>, coupes individuelles contr\u00f4l\u00e9es, destin\u00e9es \u00e0 un usage culinaire. Lav\u00e9es.<\/p>\n<p data-start=\"485\" data-end=\"720\"><strong data-start=\"485\" data-end=\"494\">Forme<\/strong> : Ext\u00e9rieur noir mat, verrues plates et r\u00e9guli\u00e8res, p\u00e9ridium parfois fissur\u00e9, formes souvent rondes, diam\u00e8tre de <strong data-start=\"608\" data-end=\"622\">10 \u00e0 60 mm<\/strong>, int\u00e9rieur gris-noir, rouge-noir \u00e0 bleu-noir, veines larges et blanches, l\u00e9g\u00e8rement translucides.<\/p>\n<p data-start=\"722\" data-end=\"831\"><strong data-start=\"722\" data-end=\"738\">Odeur \/ Go\u00fbt<\/strong> : Ar\u00f4me puissant et marqu\u00e9 de musc, de terre, de radis ; intensit\u00e9 \u00e9lev\u00e9e, caract\u00e8re animal.<\/p>\n<p data-start=\"833\" data-end=\"1021\"><strong data-start=\"833\" data-end=\"844\">Origine<\/strong> : Truffe sauvage pr\u00e9sente dans toute l\u2019Europe, <strong data-start=\"892\" data-end=\"910\">rare en Suisse<\/strong> \u00e0 l\u2019\u00e9tat naturel.<br data-start=\"928\" data-end=\"931\">Cultiv\u00e9e par des trufficulteurs suisses en plantations et r\u00e9colt\u00e9e aussi \u00e0 l\u2019\u00e9tat sauvage.<\/p>\n<p data-start=\"1023\" data-end=\"1110\"><strong data-start=\"1023\" data-end=\"1046\">P\u00e9riode de maturit\u00e9<\/strong> : De <strong data-start=\"1052\" data-end=\"1074\">novembre \u00e0 janvier<\/strong>, apr\u00e8s les premi\u00e8res gel\u00e9es du sol.<\/p>\n<p data-start=\"1112\" data-end=\"1341\"><strong data-start=\"1112\" data-end=\"1132\">Valeur culinaire<\/strong> : Excellent champignon comestible au <strong data-start=\"1170\" data-end=\"1193\">parfum tr\u00e8s intense<\/strong>, bien <strong data-start=\"1200\" data-end=\"1226\">r\u00e9sistant \u00e0 la chaleur<\/strong>, ce qui le rend <strong data-start=\"1243\" data-end=\"1262\">plus polyvalent<\/strong> que d&rsquo;autres truffes.<br data-start=\"1284\" data-end=\"1287\">Id\u00e9al pour des pr\u00e9parations chaudes et riches en go\u00fbt.<\/p>\n","protected":false},"excerpt":{"rendered":"<p>Envoi uniquement en Suisse (envoi + emballage 18.-)<\/p>\n","protected":false},"featured_media":1897,"template":"","meta":{"_acf_changed":false,"site-sidebar-layout":"default","site-content-layout":"default","ast-site-content-layout":"default","site-content-style":"default","site-sidebar-style":"default","ast-global-header-display":"","ast-banner-title-visibility":"","ast-main-header-display":"","ast-hfb-above-header-display":"","ast-hfb-below-header-display":"","ast-hfb-mobile-header-display":"","site-post-title":"","ast-breadcrumbs-content":"","ast-featured-img":"","footer-sml-layout":"","theme-transparent-header-meta":"default","adv-header-id-meta":"","stick-header-meta":"default","header-above-stick-meta":"","header-main-stick-meta":"","header-below-stick-meta":"","astra-migrate-meta-layouts":"default","ast-page-background-enabled":"default","ast-page-background-meta":{"desktop":{"background-color":"","background-image":"","background-repeat":"repeat","background-position":"center center","background-size":"auto","background-attachment":"scroll","background-type":"","background-media":"","overlay-type":"","overlay-color":"","overlay-opacity":"","overlay-gradient":""},"tablet":{"background-color":"","background-image":"","background-repeat":"repeat","background-position":"center center","background-size":"auto","background-attachment":"scroll","background-type":"","background-media":"","overlay-type":"","overlay-color":"","overlay-opacity":"","overlay-gradient":""},"mobile":{"background-color":"","background-image":"","background-repeat":"repeat","background-position":"center center","background-size":"auto","background-attachment":"scroll","background-type":"","background-media":"","overlay-type":"","overlay-color":"","overlay-opacity":"","overlay-gradient":""}},"ast-content-background-meta":{"desktop":{"background-color":"var(--ast-global-color-5)","background-image":"","background-repeat":"repeat","background-position":"center center","background-size":"auto","background-attachment":"scroll","background-type":"","background-media":"","overlay-type":"","overlay-color":"","overlay-opacity":"","overlay-gradient":""},"tablet":{"background-color":"var(--ast-global-color-5)","background-image":"","background-repeat":"repeat","background-position":"center center","background-size":"auto","background-attachment":"scroll","background-type":"","background-media":"","overlay-type":"","overlay-color":"","overlay-opacity":"","overlay-gradient":""},"mobile":{"background-color":"var(--ast-global-color-5)","background-image":"","background-repeat":"repeat","background-position":"center center","background-size":"auto","background-attachment":"scroll","background-type":"","background-media":"","overlay-type":"","overlay-color":"","overlay-opacity":"","overlay-gradient":""}}},"product_brand":[],"product_cat":[47],"product_tag":[],"class_list":{"0":"post-1953","1":"product","2":"type-product","3":"status-publish","4":"has-post-thumbnail","6":"product_cat-truffe","7":"desktop-align-center","8":"tablet-align-center","9":"mobile-align-center","10":"ast-product-gallery-layout-horizontal","11":"ast-product-gallery-with-no-image","13":"first","14":"outofstock","15":"shipping-taxable","16":"purchasable","17":"product-type-simple"},"acf":[],"_links":{"self":[{"href":"https:\/\/www.trueffel-vom-hof.ch\/fr\/wp-json\/wp\/v2\/product\/1953","targetHints":{"allow":["GET"]}}],"collection":[{"href":"https:\/\/www.trueffel-vom-hof.ch\/fr\/wp-json\/wp\/v2\/product"}],"about":[{"href":"https:\/\/www.trueffel-vom-hof.ch\/fr\/wp-json\/wp\/v2\/types\/product"}],"wp:featuredmedia":[{"embeddable":true,"href":"https:\/\/www.trueffel-vom-hof.ch\/fr\/wp-json\/wp\/v2\/media\/1897"}],"wp:attachment":[{"href":"https:\/\/www.trueffel-vom-hof.ch\/fr\/wp-json\/wp\/v2\/media?parent=1953"}],"wp:term":[{"taxonomy":"product_brand","embeddable":true,"href":"https:\/\/www.trueffel-vom-hof.ch\/fr\/wp-json\/wp\/v2\/product_brand?post=1953"},{"taxonomy":"product_cat","embeddable":true,"href":"https:\/\/www.trueffel-vom-hof.ch\/fr\/wp-json\/wp\/v2\/product_cat?post=1953"},{"taxonomy":"product_tag","embeddable":true,"href":"https:\/\/www.trueffel-vom-hof.ch\/fr\/wp-json\/wp\/v2\/product_tag?post=1953"}],"curies":[{"name":"wp","href":"https:\/\/api.w.org\/{rel}","templated":true}]}}