{"id":1951,"date":"2020-09-11T16:43:13","date_gmt":"2020-09-11T14:43:13","guid":{"rendered":"https:\/\/www.trueffel-vom-hof.ch\/product\/truffe-dautomne-tuber-aestivum-var-uncinatum-categorie-1-suisse\/"},"modified":"2020-09-11T16:43:13","modified_gmt":"2020-09-11T14:43:13","slug":"truffe-dautomne-tuber-aestivum-var-uncinatum-categorie-1-suisse","status":"publish","type":"product","link":"https:\/\/www.trueffel-vom-hof.ch\/fr\/product\/truffe-dautomne-tuber-aestivum-var-uncinatum-categorie-1-suisse\/","title":{"rendered":"Truffe d&rsquo;Automne (Tuber Aestivum var. Uncinatum) Cat\u00e9gorie 1 Suisse"},"content":{"rendered":"<p data-start=\"107\" data-end=\"437\"><strong data-start=\"107\" data-end=\"118\">Qualit\u00e9<\/strong> : Truffes fra\u00eeches de premi\u00e8re qualit\u00e9, r\u00e9colt\u00e9es \u00e0 pleine maturit\u00e9. Sans parasites ni traces de morsure. Truffes enti\u00e8res, rondes ou bossel\u00e9es, min. 20 grammes par truffe, sans blessures ni cavit\u00e9s internes, coupe visible de la p\u00e9ridie, truffes belles et repr\u00e9sentatives de premi\u00e8re qualit\u00e9. Bross\u00e9es \u00e0 sec ou lav\u00e9es.<\/p>\n<p data-start=\"439\" data-end=\"592\"><strong data-start=\"439\" data-end=\"448\">Forme<\/strong> : Ext\u00e9rieur noir mat, verrues pyramidales \u00e0 6\u20138 faces ; int\u00e9rieur beige \u00e0 brun chocolat, veines blanches tr\u00e8s nombreuses et finement ramifi\u00e9es.<\/p>\n<p data-start=\"594\" data-end=\"719\"><strong data-start=\"594\" data-end=\"610\">Odeur \/ Go\u00fbt<\/strong> : Noisett\u00e9, champignon (type c\u00e8pe), l\u00e9g\u00e8rement acidul\u00e9, agr\u00e9able, discret, plus intense au nez qu\u2019en bouche.<\/p>\n<p data-start=\"721\" data-end=\"926\"><strong data-start=\"721\" data-end=\"732\">Origine<\/strong> : Pr\u00e9sente sur le Plateau suisse et dans l\u2019Arc jurassien jusqu\u2019\u00e0 800 m d\u2019altitude, en association avec h\u00eatres, \u00e9pic\u00e9as, sapins, noisetiers, tilleuls ; issue de plantations ou de zones sauvages.<\/p>\n<p data-start=\"928\" data-end=\"1013\"><strong data-start=\"928\" data-end=\"951\">P\u00e9riode de maturit\u00e9<\/strong> : De mi-septembre \u00e0 d\u00e9cembre, jusqu\u2019en f\u00e9vrier en hiver doux.<\/p>\n<p data-start=\"1015\" data-end=\"1219\"><strong data-start=\"1015\" data-end=\"1035\">Valeur culinaire<\/strong> : Excellent champignon comestible, \u00e0 trancher ou r\u00e2per cru sur des plats. Ne pas chauffer au-del\u00e0 de 60\u00b0C.<br data-start=\"1142\" data-end=\"1145\" \/>Parfait avec : \u0153ufs, p\u00e2tes, cr\u00e8me, fromage, salade, glace vanille, pommes.<\/p>\n","protected":false},"excerpt":{"rendered":"<p>Envoi uniquement en Suisse (envoi + emballage 18.-)<\/p>\n","protected":false},"featured_media":1895,"template":"","meta":{"_acf_changed":false,"site-sidebar-layout":"default","site-content-layout":"default","ast-site-content-layout":"default","site-content-style":"default","site-sidebar-style":"default","ast-global-header-display":"","ast-banner-title-visibility":"","ast-main-header-display":"","ast-hfb-above-header-display":"","ast-hfb-below-header-display":"","ast-hfb-mobile-header-display":"","site-post-title":"","ast-breadcrumbs-content":"","ast-featured-img":"","footer-sml-layout":"","theme-transparent-header-meta":"default","adv-header-id-meta":"","stick-header-meta":"default","header-above-stick-meta":"","header-main-stick-meta":"","header-below-stick-meta":"","astra-migrate-meta-layouts":"default","ast-page-background-enabled":"default","ast-page-background-meta":{"desktop":{"background-color":"","background-image":"","background-repeat":"repeat","background-position":"center center","background-size":"auto","background-attachment":"scroll","background-type":"","background-media":"","overlay-type":"","overlay-color":"","overlay-opacity":"","overlay-gradient":""},"tablet":{"background-color":"","background-image":"","background-repeat":"repeat","background-position":"center center","background-size":"auto","background-attachment":"scroll","background-type":"","background-media":"","overlay-type":"","overlay-color":"","overlay-opacity":"","overlay-gradient":""},"mobile":{"background-color":"","background-image":"","background-repeat":"repeat","background-position":"center center","background-size":"auto","background-attachment":"scroll","background-type":"","background-media":"","overlay-type":"","overlay-color":"","overlay-opacity":"","overlay-gradient":""}},"ast-content-background-meta":{"desktop":{"background-color":"var(--ast-global-color-5)","background-image":"","background-repeat":"repeat","background-position":"center center","background-size":"auto","background-attachment":"scroll","background-type":"","background-media":"","overlay-type":"","overlay-color":"","overlay-opacity":"","overlay-gradient":""},"tablet":{"background-color":"var(--ast-global-color-5)","background-image":"","background-repeat":"repeat","background-position":"center center","background-size":"auto","background-attachment":"scroll","background-type":"","background-media":"","overlay-type":"","overlay-color":"","overlay-opacity":"","overlay-gradient":""},"mobile":{"background-color":"var(--ast-global-color-5)","background-image":"","background-repeat":"repeat","background-position":"center center","background-size":"auto","background-attachment":"scroll","background-type":"","background-media":"","overlay-type":"","overlay-color":"","overlay-opacity":"","overlay-gradient":""}}},"product_brand":[],"product_cat":[47],"product_tag":[],"class_list":{"0":"post-1951","1":"product","2":"type-product","3":"status-publish","4":"has-post-thumbnail","6":"product_cat-truffe","7":"desktop-align-center","8":"tablet-align-center","9":"mobile-align-center","10":"ast-product-gallery-layout-horizontal","11":"ast-product-gallery-with-no-image","13":"first","14":"outofstock","15":"shipping-taxable","16":"purchasable","17":"product-type-simple"},"acf":[],"_links":{"self":[{"href":"https:\/\/www.trueffel-vom-hof.ch\/fr\/wp-json\/wp\/v2\/product\/1951","targetHints":{"allow":["GET"]}}],"collection":[{"href":"https:\/\/www.trueffel-vom-hof.ch\/fr\/wp-json\/wp\/v2\/product"}],"about":[{"href":"https:\/\/www.trueffel-vom-hof.ch\/fr\/wp-json\/wp\/v2\/types\/product"}],"wp:featuredmedia":[{"embeddable":true,"href":"https:\/\/www.trueffel-vom-hof.ch\/fr\/wp-json\/wp\/v2\/media\/1895"}],"wp:attachment":[{"href":"https:\/\/www.trueffel-vom-hof.ch\/fr\/wp-json\/wp\/v2\/media?parent=1951"}],"wp:term":[{"taxonomy":"product_brand","embeddable":true,"href":"https:\/\/www.trueffel-vom-hof.ch\/fr\/wp-json\/wp\/v2\/product_brand?post=1951"},{"taxonomy":"product_cat","embeddable":true,"href":"https:\/\/www.trueffel-vom-hof.ch\/fr\/wp-json\/wp\/v2\/product_cat?post=1951"},{"taxonomy":"product_tag","embeddable":true,"href":"https:\/\/www.trueffel-vom-hof.ch\/fr\/wp-json\/wp\/v2\/product_tag?post=1951"}],"curies":[{"name":"wp","href":"https:\/\/api.w.org\/{rel}","templated":true}]}}