{"id":1972,"date":"2020-06-16T16:32:26","date_gmt":"2020-06-16T14:32:26","guid":{"rendered":"https:\/\/www.trueffel-vom-hof.ch\/cgv\/"},"modified":"2025-07-30T12:12:45","modified_gmt":"2025-07-30T10:12:45","slug":"cgv","status":"publish","type":"page","link":"https:\/\/www.trueffel-vom-hof.ch\/fr\/cgv\/","title":{"rendered":"CGV"},"content":{"rendered":"\n<h2 class=\"wp-block-heading h2_default_page\">Conditions g\u00e9n\u00e9rales de vente<\/h2>\n\n<p>Validit\u00e9<br\/>Les pr\u00e9sentes conditions g\u00e9n\u00e9rales de vente s&rsquo;appliquent \u00e0 toutes nos offres \u00e9crites et orales ainsi qu&rsquo;\u00e0 toutes les commandes qui nous sont pass\u00e9es et que nous avons accept\u00e9es.<\/p>\n\n<p>Offre<br\/>Tous les prix s&rsquo;entendent en francs suisses (CHF). Les prix indiqu\u00e9s ainsi que les descriptions d\u00e9taill\u00e9es des produits sont sans garantie. Sous r\u00e9serve de disponibilit\u00e9 et d&rsquo;erreurs.<\/p>\n\n<p>Commande<br\/>Nous d\u00e9clinons toute responsabilit\u00e9 en cas d&rsquo;erreurs de livraison dues \u00e0 des erreurs de transmission. Les conditions divergentes de l&rsquo;acheteur ne sont pas valables si nous ne les avons pas accept\u00e9es express\u00e9ment et par \u00e9crit.<\/p>\n\n<p>Exp\u00e9dition Suisse<br\/>En Suisse, nous facturons un forfait de CHF 18.00 pour les frais de port et d&#8217;emballage, ind\u00e9pendamment de la valeur de la marchandise. Le standard d&rsquo;exp\u00e9dition est Swiss Post Mond. Nous d\u00e9clinons toute responsabilit\u00e9 en cas de restrictions locales ou temporelles des services de la Poste. Tr\u00fcffel-vom-Hof livre exclusivement en Suisse.<\/p>\n\n<p>Assurance transport<br\/>Les envois de colis postaux jusqu&rsquo;\u00e0 une valeur de CHF 500.00 sont assur\u00e9s par la Poste contre les dommages de transport. Les r\u00e9clamations en cas d&rsquo;endommagement doivent \u00eatre port\u00e9es \u00e0 notre connaissance dans les 3 jours suivant la r\u00e9ception de la marchandise \u00e0 l&rsquo;adresse suivante : &#x69;&#x6e;&#x66;&#x6f;&#64;&#116;ruf&#x66;&#x69;&#x63;&#x75;&#108;&#116;eur&#x73;&#x2e;&#x63;&#x68;.<\/p>\n\n<p>Paiement<br\/>Le paiement s&rsquo;effectue exclusivement par paiement anticip\u00e9 par carte de cr\u00e9dit. Le d\u00e9bit du paiement n&rsquo;est effectu\u00e9 qu&rsquo;apr\u00e8s confirmation de la livraison par l&rsquo;un de nos producteurs. Les d\u00e9bits de paiement injustifi\u00e9s doivent \u00eatre signal\u00e9s \u00e0 &#105;&#x6e;&#102;&#x6f;&#64;&#x74;&#114;&#x75;&#102;&#x66;&#105;&#x63;&#117;&#x6c;&#116;&#x65;&#117;&#x72;&#115;&#x2e;&#99;&#x68; dans les 30 jours.<\/p>\n\n<p>Garantie et droit de retour<br\/>Nous contr\u00f4lons les truffes selon des crit\u00e8res de qualit\u00e9 stricts. La truffe est un produit naturel. Il n&rsquo;est pas exclu que, malgr\u00e9 les contr\u00f4les, de petits dommages soient ponctuellement caus\u00e9s par des insectes. Les d\u00e9fauts de la marchandise livr\u00e9e ou les demandes de remplacement doivent \u00eatre signal\u00e9s \u00e0 &#x69;&#110;f&#x6f;&#64;t&#x72;&#x75;&#102;&#x66;&#x69;&#99;u&#x6c;&#116;e&#x75;&#x72;&#115;&#x2e;&#x63;&#104; ou faire l&rsquo;objet d&rsquo;une r\u00e9clamation au plus tard 3 jours apr\u00e8s la r\u00e9ception. Il n&rsquo;existe pas de droit de retour pour les truffes fra\u00eeches. Dans certains cas, nous trouverons ensemble une solution \u00e0 l&rsquo;amiable.<br\/><br\/>\u00a0<\/p>\n\n<p>Protection des donn\u00e9es<br\/>Votre confiance est tr\u00e8s importante pour nous. Nous respectons votre vie priv\u00e9e et ne transmettons donc aucune donn\u00e9e client \u00e0 des tiers.<\/p>\n\n<p>Liens<br\/>Ce site peut contenir des liens vers des sites Internet de soci\u00e9t\u00e9s partenaires. Nous d\u00e9clinons toute responsabilit\u00e9 quant au contenu de ces sites ou \u00e0 leur fonctionnement.<\/p>\n\n<p>Propri\u00e9t\u00e9 du site et droits des marques<br\/>Les droits d&rsquo;auteur doivent \u00eatre respect\u00e9s. La diffusion, la copie ainsi que la reproduction des contenus de notre site ne sont autoris\u00e9es qu&rsquo;avec notre accord \u00e9crit.<\/p>\n\n<p>Choix du droit et du for<br\/>En utilisant ce site, vous acceptez l&rsquo;application exclusive du droit suisse et du for de Berne.<\/p>\n","protected":false},"excerpt":{"rendered":"<p>Conditions g\u00e9n\u00e9rales de vente Validit\u00e9Les pr\u00e9sentes conditions g\u00e9n\u00e9rales de vente s&rsquo;appliquent \u00e0 toutes nos offres \u00e9crites et orales ainsi qu&rsquo;\u00e0 toutes les commandes qui nous sont pass\u00e9es et que nous avons accept\u00e9es. OffreTous les prix s&rsquo;entendent en francs suisses (CHF). Les prix indiqu\u00e9s ainsi que les descriptions d\u00e9taill\u00e9es des produits sont sans garantie. Sous r\u00e9serve [&hellip;]<\/p>\n","protected":false},"author":1,"featured_media":1852,"parent":0,"menu_order":0,"comment_status":"closed","ping_status":"closed","template":"","meta":{"_acf_changed":false,"site-sidebar-layout":"default","site-content-layout":"default","ast-site-content-layout":"default","site-content-style":"default","site-sidebar-style":"default","ast-global-header-display":"","ast-banner-title-visibility":"","ast-main-header-display":"","ast-hfb-above-header-display":"","ast-hfb-below-header-display":"","ast-hfb-mobile-header-display":"","site-post-title":"","ast-breadcrumbs-content":"","ast-featured-img":"","footer-sml-layout":"","theme-transparent-header-meta":"default","adv-header-id-meta":"","stick-header-meta":"default","header-above-stick-meta":"","header-main-stick-meta":"","header-below-stick-meta":"","astra-migrate-meta-layouts":"default","ast-page-background-enabled":"default","ast-page-background-meta":{"desktop":{"background-color":"","background-image":"","background-repeat":"repeat","background-position":"center center","background-size":"auto","background-attachment":"scroll","background-type":"","background-media":"","overlay-type":"","overlay-color":"","overlay-opacity":"","overlay-gradient":""},"tablet":{"background-color":"","background-image":"","background-repeat":"repeat","background-position":"center center","background-size":"auto","background-attachment":"scroll","background-type":"","background-media":"","overlay-type":"","overlay-color":"","overlay-opacity":"","overlay-gradient":""},"mobile":{"background-color":"","background-image":"","background-repeat":"repeat","background-position":"center center","background-size":"auto","background-attachment":"scroll","background-type":"","background-media":"","overlay-type":"","overlay-color":"","overlay-opacity":"","overlay-gradient":""}},"ast-content-background-meta":{"desktop":{"background-color":"var(--ast-global-color-5)","background-image":"","background-repeat":"repeat","background-position":"center center","background-size":"auto","background-attachment":"scroll","background-type":"","background-media":"","overlay-type":"","overlay-color":"","overlay-opacity":"","overlay-gradient":""},"tablet":{"background-color":"var(--ast-global-color-5)","background-image":"","background-repeat":"repeat","background-position":"center center","background-size":"auto","background-attachment":"scroll","background-type":"","background-media":"","overlay-type":"","overlay-color":"","overlay-opacity":"","overlay-gradient":""},"mobile":{"background-color":"var(--ast-global-color-5)","background-image":"","background-repeat":"repeat","background-position":"center center","background-size":"auto","background-attachment":"scroll","background-type":"","background-media":"","overlay-type":"","overlay-color":"","overlay-opacity":"","overlay-gradient":""}},"footnotes":""},"class_list":["post-1972","page","type-page","status-publish","has-post-thumbnail","hentry"],"acf":[],"_links":{"self":[{"href":"https:\/\/www.trueffel-vom-hof.ch\/fr\/wp-json\/wp\/v2\/pages\/1972","targetHints":{"allow":["GET"]}}],"collection":[{"href":"https:\/\/www.trueffel-vom-hof.ch\/fr\/wp-json\/wp\/v2\/pages"}],"about":[{"href":"https:\/\/www.trueffel-vom-hof.ch\/fr\/wp-json\/wp\/v2\/types\/page"}],"author":[{"embeddable":true,"href":"https:\/\/www.trueffel-vom-hof.ch\/fr\/wp-json\/wp\/v2\/users\/1"}],"replies":[{"embeddable":true,"href":"https:\/\/www.trueffel-vom-hof.ch\/fr\/wp-json\/wp\/v2\/comments?post=1972"}],"version-history":[{"count":1,"href":"https:\/\/www.trueffel-vom-hof.ch\/fr\/wp-json\/wp\/v2\/pages\/1972\/revisions"}],"predecessor-version":[{"id":1973,"href":"https:\/\/www.trueffel-vom-hof.ch\/fr\/wp-json\/wp\/v2\/pages\/1972\/revisions\/1973"}],"wp:featuredmedia":[{"embeddable":true,"href":"https:\/\/www.trueffel-vom-hof.ch\/fr\/wp-json\/wp\/v2\/media\/1852"}],"wp:attachment":[{"href":"https:\/\/www.trueffel-vom-hof.ch\/fr\/wp-json\/wp\/v2\/media?parent=1972"}],"curies":[{"name":"wp","href":"https:\/\/api.w.org\/{rel}","templated":true}]}}