{"id":1965,"date":"2020-03-10T15:32:02","date_gmt":"2020-03-10T14:32:02","guid":{"rendered":"https:\/\/www.trueffel-vom-hof.ch\/sur-les-truffes\/"},"modified":"2025-08-27T18:30:12","modified_gmt":"2025-08-27T16:30:12","slug":"sur-les-truffes","status":"publish","type":"page","link":"https:\/\/www.trueffel-vom-hof.ch\/fr\/sur-les-truffes\/","title":{"rendered":"Sur les truffes"},"content":{"rendered":"\t\t<div data-elementor-type=\"wp-page\" data-elementor-id=\"1965\" class=\"elementor elementor-1965 elementor-574\" data-elementor-post-type=\"page\">\n\t\t\t\t\t\t<section class=\"elementor-section elementor-top-section elementor-element elementor-element-5ba5a4b elementor-section-stretched elementor-section-boxed elementor-section-height-default elementor-section-height-default\" data-id=\"5ba5a4b\" data-element_type=\"section\" data-settings=\"{&quot;stretch_section&quot;:&quot;section-stretched&quot;}\">\n\t\t\t\t\t\t<div class=\"elementor-container elementor-column-gap-default\">\n\t\t\t\t\t<div class=\"elementor-column elementor-col-100 elementor-top-column elementor-element elementor-element-fd04235\" data-id=\"fd04235\" data-element_type=\"column\">\n\t\t\t<div class=\"elementor-widget-wrap elementor-element-populated\">\n\t\t\t\t\t\t<div class=\"elementor-element elementor-element-b765782 elementor-widget elementor-widget-heading\" data-id=\"b765782\" data-element_type=\"widget\" data-widget_type=\"heading.default\">\n\t\t\t\t<div class=\"elementor-widget-container\">\n\t\t\t\t\t<h2 class=\"elementor-heading-title elementor-size-default\">Truffes sauvages et truffes de plantation<\/h2>\t\t\t\t<\/div>\n\t\t\t\t<\/div>\n\t\t\t\t<div class=\"elementor-element elementor-element-7c20c8d elementor-widget elementor-widget-text-editor\" data-id=\"7c20c8d\" data-element_type=\"widget\" data-widget_type=\"text-editor.default\">\n\t\t\t\t<div class=\"elementor-widget-container\">\n\t\t\t\t\t\t\t\t\t<p>En Suisse, on trouve \u2013 bien que rarement \u2013 des truffes sauvages d\u2019\u00e9t\u00e9, de Bourgogne et d\u2019hiver. En compl\u00e9ment, nous cultivons \u00e9galement en plantation des truffes de printemps et des truffes du P\u00e9rigord. Il n\u2019existe aucune diff\u00e9rence entre les truffes cultiv\u00e9es et les truffes sauvages.<\/p>\n\t\t\t\t\t\t\t\t<\/div>\n\t\t\t\t<\/div>\n\t\t\t\t<div class=\"elementor-element elementor-element-0b0afd1 elementor-widget elementor-widget-video\" data-id=\"0b0afd1\" data-element_type=\"widget\" data-settings=\"{&quot;youtube_url&quot;:&quot;https:\\\/\\\/www.youtube.com\\\/watch?v=1kPQyiqpZB0&quot;,&quot;video_type&quot;:&quot;youtube&quot;,&quot;controls&quot;:&quot;yes&quot;}\" data-widget_type=\"video.default\">\n\t\t\t\t<div class=\"elementor-widget-container\">\n\t\t\t\t\t\t\t<div class=\"elementor-wrapper elementor-open-inline\">\n\t\t\t<div class=\"elementor-video\"><\/div>\t\t<\/div>\n\t\t\t\t\t\t<\/div>\n\t\t\t\t<\/div>\n\t\t\t\t\t<\/div>\n\t\t<\/div>\n\t\t\t\t\t<\/div>\n\t\t<\/section>\n\t\t\t\t<section data-dce-background-color=\"#F7F7F7\" class=\"elementor-section elementor-top-section elementor-element elementor-element-9e60f43 elementor-section-stretched elementor-section-boxed elementor-section-height-default elementor-section-height-default\" data-id=\"9e60f43\" data-element_type=\"section\" data-settings=\"{&quot;stretch_section&quot;:&quot;section-stretched&quot;,&quot;background_background&quot;:&quot;classic&quot;}\">\n\t\t\t\t\t\t<div class=\"elementor-container elementor-column-gap-default\">\n\t\t\t\t\t<div class=\"elementor-column elementor-col-100 elementor-top-column elementor-element elementor-element-ddd4f1a\" data-id=\"ddd4f1a\" data-element_type=\"column\">\n\t\t\t<div class=\"elementor-widget-wrap elementor-element-populated\">\n\t\t\t\t\t\t<div class=\"elementor-element elementor-element-5ea5588 elementor-widget elementor-widget-heading\" data-id=\"5ea5588\" data-element_type=\"widget\" data-widget_type=\"heading.default\">\n\t\t\t\t<div class=\"elementor-widget-container\">\n\t\t\t\t\t<h2 class=\"elementor-heading-title elementor-size-default\">Produit de Saison<\/h2>\t\t\t\t<\/div>\n\t\t\t\t<\/div>\n\t\t\t\t<div class=\"elementor-element elementor-element-6a35837 elementor-widget elementor-widget-text-editor\" data-id=\"6a35837\" data-element_type=\"widget\" data-widget_type=\"text-editor.default\">\n\t\t\t\t<div class=\"elementor-widget-container\">\n\t\t\t\t\t\t\t\t\t<p>Les truffes fra\u00eeches ne sont disponibles que pendant leur saison naturelle, propre \u00e0 chaque esp\u00e8ce.<br data-start=\"174\" data-end=\"177\" \/>Qu\u2019elles soient sauvages ou cultiv\u00e9es, toutes les truffes doivent \u00eatre r\u00e9colt\u00e9es \u00e0 l\u2019aide de chiens truffiers entra\u00een\u00e9s.<\/p>\n\t\t\t\t\t\t\t\t<\/div>\n\t\t\t\t<\/div>\n\t\t\t\t<div class=\"elementor-element elementor-element-49eef23 elementor-widget elementor-widget-image\" data-id=\"49eef23\" data-element_type=\"widget\" data-widget_type=\"image.default\">\n\t\t\t\t<div class=\"elementor-widget-container\">\n\t\t\t\t\t\t\t\t\t\t\t\t\t\t\t<img fetchpriority=\"high\" decoding=\"async\" width=\"1080\" height=\"1080\" src=\"https:\/\/www.trueffel-vom-hof.ch\/wp-content\/uploads\/2025\/07\/les-saisons-des-truffes.png\" class=\"attachment-full size-full wp-image-1987\" alt=\"\" srcset=\"https:\/\/www.trueffel-vom-hof.ch\/wp-content\/uploads\/2025\/07\/les-saisons-des-truffes.png 1080w, https:\/\/www.trueffel-vom-hof.ch\/wp-content\/uploads\/2025\/07\/les-saisons-des-truffes-300x300.png 300w, https:\/\/www.trueffel-vom-hof.ch\/wp-content\/uploads\/2025\/07\/les-saisons-des-truffes-1024x1024.png 1024w, https:\/\/www.trueffel-vom-hof.ch\/wp-content\/uploads\/2025\/07\/les-saisons-des-truffes-150x150.png 150w, https:\/\/www.trueffel-vom-hof.ch\/wp-content\/uploads\/2025\/07\/les-saisons-des-truffes-768x768.png 768w, https:\/\/www.trueffel-vom-hof.ch\/wp-content\/uploads\/2025\/07\/les-saisons-des-truffes-600x600.png 600w, https:\/\/www.trueffel-vom-hof.ch\/wp-content\/uploads\/2025\/07\/les-saisons-des-truffes-100x100.png 100w\" sizes=\"(max-width: 1080px) 100vw, 1080px\" \/>\t\t\t\t\t\t\t\t\t\t\t\t\t\t\t<\/div>\n\t\t\t\t<\/div>\n\t\t\t\t\t<\/div>\n\t\t<\/div>\n\t\t\t\t\t<\/div>\n\t\t<\/section>\n\t\t\t\t<section class=\"elementor-section elementor-top-section elementor-element elementor-element-3a5b26d elementor-section-stretched elementor-section-boxed elementor-section-height-default elementor-section-height-default\" data-id=\"3a5b26d\" data-element_type=\"section\" data-settings=\"{&quot;stretch_section&quot;:&quot;section-stretched&quot;}\">\n\t\t\t\t\t\t<div class=\"elementor-container elementor-column-gap-default\">\n\t\t\t\t\t<div class=\"elementor-column elementor-col-100 elementor-top-column elementor-element elementor-element-1b73dcc\" data-id=\"1b73dcc\" data-element_type=\"column\">\n\t\t\t<div class=\"elementor-widget-wrap elementor-element-populated\">\n\t\t\t\t\t\t<div class=\"elementor-element elementor-element-2d581b3 elementor-widget elementor-widget-heading\" data-id=\"2d581b3\" data-element_type=\"widget\" data-widget_type=\"heading.default\">\n\t\t\t\t<div class=\"elementor-widget-container\">\n\t\t\t\t\t<h2 class=\"elementor-heading-title elementor-size-default\">Fra\u00eecheur sans ar\u00f4mes artificiels<\/h2>\t\t\t\t<\/div>\n\t\t\t\t<\/div>\n\t\t\t\t\t<\/div>\n\t\t<\/div>\n\t\t\t\t\t<\/div>\n\t\t<\/section>\n\t\t<div class=\"elementor-element elementor-element-df290c3 e-flex e-con-boxed e-con e-parent\" data-id=\"df290c3\" data-element_type=\"container\">\n\t\t\t\t\t<div class=\"e-con-inner\">\n\t\t<div class=\"elementor-element elementor-element-d3bfba8 e-con-full e-flex e-con e-child\" data-id=\"d3bfba8\" data-element_type=\"container\">\n\t\t\t\t<div class=\"elementor-element elementor-element-4d36ade elementor-widget elementor-widget-text-editor\" data-id=\"4d36ade\" data-element_type=\"widget\" data-widget_type=\"text-editor.default\">\n\t\t\t\t<div class=\"elementor-widget-container\">\n\t\t\t\t\t\t\t\t\t<p>Seules les truffes fra\u00eechement r\u00e9colt\u00e9es offrent un ar\u00f4me intense qui peut \u00eatre utilis\u00e9 en cuisine sans ar\u00f4mes artificiels.<\/p>\n<p data-start=\"319\" data-end=\"392\">Conseils pour l&rsquo;utilisation des truffes en cuisine \u00e0 t\u00e9l\u00e9charger :<\/p>\n\t\t\t\t\t\t\t\t<\/div>\n\t\t\t\t<\/div>\n\t\t\t\t<div class=\"elementor-element elementor-element-d62b0fe elementor-align-justify elementor-widget elementor-widget-button\" data-id=\"d62b0fe\" data-element_type=\"widget\" data-widget_type=\"button.default\">\n\t\t\t\t<div class=\"elementor-widget-container\">\n\t\t\t\t\t\t\t\t\t<div class=\"elementor-button-wrapper\">\n\t\t\t\t\t<a class=\"elementor-button elementor-button-link elementor-size-sm\" href=\"https:\/\/www.trueffel-vom-hof.ch\/wp-content\/uploads\/2025\/07\/livret-de-cuisine.pdf\" target=\"_blank\">\n\t\t\t\t\t\t<span class=\"elementor-button-content-wrapper\">\n\t\t\t\t\t\t<span class=\"elementor-button-icon\">\n\t\t\t\t<i aria-hidden=\"true\" class=\"far fa-file-pdf\"><\/i>\t\t\t<\/span>\n\t\t\t\t\t\t\t\t\t<span class=\"elementor-button-text\">T\u00e9l\u00e9charger PDF<\/span>\n\t\t\t\t\t<\/span>\n\t\t\t\t\t<\/a>\n\t\t\t\t<\/div>\n\t\t\t\t\t\t\t\t<\/div>\n\t\t\t\t<\/div>\n\t\t\t\t<\/div>\n\t\t<div class=\"elementor-element elementor-element-bc372ad e-con-full e-flex e-con e-child\" data-id=\"bc372ad\" data-element_type=\"container\">\n\t\t\t\t<div class=\"elementor-element elementor-element-5a8319d elementor-widget elementor-widget-image\" data-id=\"5a8319d\" data-element_type=\"widget\" data-widget_type=\"image.default\">\n\t\t\t\t<div class=\"elementor-widget-container\">\n\t\t\t\t\t\t\t\t\t\t\t\t\t\t\t\t<a href=\"https:\/\/www.trueffel-vom-hof.ch\/wp-content\/uploads\/2025\/07\/livret-de-cuisine.pdf\" target=\"_blank\">\n\t\t\t\t\t\t\t<img decoding=\"async\" width=\"724\" height=\"1024\" src=\"https:\/\/www.trueffel-vom-hof.ch\/wp-content\/uploads\/2025\/08\/img-la-cuisine-de-la-truffe-724x1024.jpg\" class=\"attachment-large size-large wp-image-2223\" alt=\"\" srcset=\"https:\/\/www.trueffel-vom-hof.ch\/wp-content\/uploads\/2025\/08\/img-la-cuisine-de-la-truffe-724x1024.jpg 724w, https:\/\/www.trueffel-vom-hof.ch\/wp-content\/uploads\/2025\/08\/img-la-cuisine-de-la-truffe-212x300.jpg 212w, https:\/\/www.trueffel-vom-hof.ch\/wp-content\/uploads\/2025\/08\/img-la-cuisine-de-la-truffe-768x1086.jpg 768w, https:\/\/www.trueffel-vom-hof.ch\/wp-content\/uploads\/2025\/08\/img-la-cuisine-de-la-truffe-1086x1536.jpg 1086w, https:\/\/www.trueffel-vom-hof.ch\/wp-content\/uploads\/2025\/08\/img-la-cuisine-de-la-truffe-600x849.jpg 600w, https:\/\/www.trueffel-vom-hof.ch\/wp-content\/uploads\/2025\/08\/img-la-cuisine-de-la-truffe.jpg 1120w\" sizes=\"(max-width: 724px) 100vw, 724px\" \/>\t\t\t\t\t\t\t\t<\/a>\n\t\t\t\t\t\t\t\t\t\t\t\t\t\t\t<\/div>\n\t\t\t\t<\/div>\n\t\t\t\t<\/div>\n\t\t\t\t\t<\/div>\n\t\t\t\t<\/div>\n\t\t\t\t<\/div>\n\t\t","protected":false},"excerpt":{"rendered":"<p>Truffes sauvages et truffes de plantation En Suisse, on trouve \u2013 bien que rarement \u2013 des truffes sauvages d\u2019\u00e9t\u00e9, de Bourgogne et d\u2019hiver. En compl\u00e9ment, nous cultivons \u00e9galement en plantation des truffes de printemps et des truffes du P\u00e9rigord. Il n\u2019existe aucune diff\u00e9rence entre les truffes cultiv\u00e9es et les truffes sauvages. Produit de Saison Les [&hellip;]<\/p>\n","protected":false},"author":1,"featured_media":1857,"parent":0,"menu_order":0,"comment_status":"closed","ping_status":"closed","template":"","meta":{"_acf_changed":false,"site-sidebar-layout":"no-sidebar","site-content-layout":"page-builder","ast-site-content-layout":"default","site-content-style":"default","site-sidebar-style":"default","ast-global-header-display":"","ast-banner-title-visibility":"","ast-main-header-display":"","ast-hfb-above-header-display":"","ast-hfb-below-header-display":"","ast-hfb-mobile-header-display":"","site-post-title":"disabled","ast-breadcrumbs-content":"","ast-featured-img":"disabled","footer-sml-layout":"","theme-transparent-header-meta":"default","adv-header-id-meta":"","stick-header-meta":"default","header-above-stick-meta":"","header-main-stick-meta":"","header-below-stick-meta":"","astra-migrate-meta-layouts":"set","ast-page-background-enabled":"default","ast-page-background-meta":{"desktop":{"background-color":"","background-image":"","background-repeat":"repeat","background-position":"center center","background-size":"auto","background-attachment":"scroll","background-type":"","background-media":"","overlay-type":"","overlay-color":"","overlay-opacity":"","overlay-gradient":""},"tablet":{"background-color":"","background-image":"","background-repeat":"repeat","background-position":"center center","background-size":"auto","background-attachment":"scroll","background-type":"","background-media":"","overlay-type":"","overlay-color":"","overlay-opacity":"","overlay-gradient":""},"mobile":{"background-color":"","background-image":"","background-repeat":"repeat","background-position":"center center","background-size":"auto","background-attachment":"scroll","background-type":"","background-media":"","overlay-type":"","overlay-color":"","overlay-opacity":"","overlay-gradient":""}},"ast-content-background-meta":{"desktop":{"background-color":"var(--ast-global-color-5)","background-image":"","background-repeat":"repeat","background-position":"center center","background-size":"auto","background-attachment":"scroll","background-type":"","background-media":"","overlay-type":"","overlay-color":"","overlay-opacity":"","overlay-gradient":""},"tablet":{"background-color":"var(--ast-global-color-5)","background-image":"","background-repeat":"repeat","background-position":"center center","background-size":"auto","background-attachment":"scroll","background-type":"","background-media":"","overlay-type":"","overlay-color":"","overlay-opacity":"","overlay-gradient":""},"mobile":{"background-color":"var(--ast-global-color-5)","background-image":"","background-repeat":"repeat","background-position":"center center","background-size":"auto","background-attachment":"scroll","background-type":"","background-media":"","overlay-type":"","overlay-color":"","overlay-opacity":"","overlay-gradient":""}},"footnotes":""},"class_list":["post-1965","page","type-page","status-publish","has-post-thumbnail","hentry"],"acf":[],"_links":{"self":[{"href":"https:\/\/www.trueffel-vom-hof.ch\/fr\/wp-json\/wp\/v2\/pages\/1965","targetHints":{"allow":["GET"]}}],"collection":[{"href":"https:\/\/www.trueffel-vom-hof.ch\/fr\/wp-json\/wp\/v2\/pages"}],"about":[{"href":"https:\/\/www.trueffel-vom-hof.ch\/fr\/wp-json\/wp\/v2\/types\/page"}],"author":[{"embeddable":true,"href":"https:\/\/www.trueffel-vom-hof.ch\/fr\/wp-json\/wp\/v2\/users\/1"}],"replies":[{"embeddable":true,"href":"https:\/\/www.trueffel-vom-hof.ch\/fr\/wp-json\/wp\/v2\/comments?post=1965"}],"version-history":[{"count":38,"href":"https:\/\/www.trueffel-vom-hof.ch\/fr\/wp-json\/wp\/v2\/pages\/1965\/revisions"}],"predecessor-version":[{"id":2249,"href":"https:\/\/www.trueffel-vom-hof.ch\/fr\/wp-json\/wp\/v2\/pages\/1965\/revisions\/2249"}],"wp:featuredmedia":[{"embeddable":true,"href":"https:\/\/www.trueffel-vom-hof.ch\/fr\/wp-json\/wp\/v2\/media\/1857"}],"wp:attachment":[{"href":"https:\/\/www.trueffel-vom-hof.ch\/fr\/wp-json\/wp\/v2\/media?parent=1965"}],"curies":[{"name":"wp","href":"https:\/\/api.w.org\/{rel}","templated":true}]}}