{"id":1961,"date":"2022-08-08T15:14:58","date_gmt":"2022-08-08T13:14:58","guid":{"rendered":"https:\/\/www.trueffel-vom-hof.ch\/produits-a-la-truffes\/"},"modified":"2025-08-12T15:44:45","modified_gmt":"2025-08-12T13:44:45","slug":"produits-a-la-truffes","status":"publish","type":"page","link":"https:\/\/www.trueffel-vom-hof.ch\/fr\/produits-a-la-truffes\/","title":{"rendered":"Produits \u00e0 la truffes"},"content":{"rendered":"\t\t<div data-elementor-type=\"wp-page\" data-elementor-id=\"1961\" class=\"elementor elementor-1961 elementor-1429\" data-elementor-post-type=\"page\">\n\t\t\t\t\t\t<section class=\"elementor-section elementor-top-section elementor-element elementor-element-ff8abdc elementor-section-boxed elementor-section-height-default elementor-section-height-default\" data-id=\"ff8abdc\" data-element_type=\"section\">\n\t\t\t\t\t\t<div class=\"elementor-container elementor-column-gap-default\">\n\t\t\t\t\t<div class=\"elementor-column elementor-col-100 elementor-top-column elementor-element elementor-element-d171c17\" data-id=\"d171c17\" data-element_type=\"column\">\n\t\t\t<div class=\"elementor-widget-wrap elementor-element-populated\">\n\t\t\t\t\t\t<div class=\"elementor-element elementor-element-e4ea751 elementor-widget elementor-widget-text-editor\" data-id=\"e4ea751\" data-element_type=\"widget\" data-widget_type=\"text-editor.default\">\n\t\t\t\t<div class=\"elementor-widget-container\">\n\t\t\t\t\t\t\t\t\t<p>Une s\u00e9lection de produits \u00e0 base de truffes pour vous. Fabriqu\u00e9s \u00e0 la main en Suisse avec des truffes suisses. Sans ar\u00f4mes artificiels, pour un pur plaisir truff\u00e9. Votre commande sera livr\u00e9e directement par le producteur.<\/p>\n\t\t\t\t\t\t\t\t<\/div>\n\t\t\t\t<\/div>\n\t\t\t\t<div class=\"dce-fix-background-loop elementor-element elementor-element-0681eb3 elementor-widget elementor-widget-dce-acf-repeater-v2\" data-id=\"0681eb3\" data-element_type=\"widget\" data-settings=\"{&quot;dce_acf_repeater_format&quot;:&quot;grid&quot;}\" data-widget_type=\"dce-acf-repeater-v2.default\">\n\t\t\t\t<div class=\"elementor-widget-container\">\n\t\t\t\t\t<div class=\"dce-acf-repeater\"><div class=\"dce-acf-repeater-grid\"><div class=\"dce-acf-repeater-item\">\t\t<div data-elementor-type=\"section\" data-elementor-id=\"2092\" class=\"elementor elementor-2092 dce-elementor-rendering-id-1 elementor-1432\" data-elementor-post-type=\"elementor_library\">\n\t\t\t\t\t<section class=\"elementor-section elementor-top-section elementor-element elementor-element-7b6f2a20 elementor-section-boxed elementor-section-height-default elementor-section-height-default\" data-id=\"7b6f2a20\" data-element_type=\"section\">\n\t\t\t\t\t\t<div class=\"elementor-container elementor-column-gap-default\">\n\t\t\t\t\t<div data-dce-background-color=\"#F7F7F7\" class=\"elementor-column elementor-col-100 elementor-top-column elementor-element elementor-element-6a76a755\" data-id=\"6a76a755\" data-element_type=\"column\" data-settings=\"{&quot;background_background&quot;:&quot;classic&quot;}\">\n\t\t\t<div class=\"elementor-widget-wrap elementor-element-populated\">\n\t\t\t\t\t\t<div class=\"elementor-element elementor-element-3f07cd7 use-bg0 elementor-widget elementor-widget-dyncontel-acf\" data-id=\"3f07cd7\" data-element_type=\"widget\" data-settings=\"{&quot;acf_field_list&quot;:&quot;bild_produkt&quot;,&quot;acf_type&quot;:&quot;image&quot;}\" data-widget_type=\"dyncontel-acf.default\">\n\t\t\t\t<div class=\"elementor-widget-container\">\n\t\t\t\t\t<div class=\"dynamic-content-for-elementor-acf \"><div class=\"acf-image\"><div class=\"mask\"><div class=\"wrap-filters\"><img decoding=\"async\" src=\"https:\/\/www.trueffel-vom-hof.ch\/wp-content\/uploads\/2023\/11\/Trueffelfondue-1.jpg\" alt=\"\" \/><\/div><\/div><div class=\"dce-overlay_hover\"><\/div><\/div><\/div>\t\t\t\t<\/div>\n\t\t\t\t<\/div>\n\t\t\t\t<div class=\"elementor-element elementor-element-79c93c9 elementor-widget elementor-widget-dyncontel-acf\" data-id=\"79c93c9\" data-element_type=\"widget\" data-settings=\"{&quot;acf_field_list&quot;:&quot;titel_produkt&quot;,&quot;acf_type&quot;:&quot;text&quot;}\" data-widget_type=\"dyncontel-acf.default\">\n\t\t\t\t<div class=\"elementor-widget-container\">\n\t\t\t\t\t<h2 class=\"dynamic-content-for-elementor-acf \">Fondue aux truffes<\/h2>\t\t\t\t<\/div>\n\t\t\t\t<\/div>\n\t\t\t\t<div class=\"elementor-element elementor-element-5b094140 elementor-widget elementor-widget-dyncontel-acf\" data-id=\"5b094140\" data-element_type=\"widget\" data-settings=\"{&quot;acf_field_list&quot;:&quot;beschreibung_produkt&quot;,&quot;acf_type&quot;:&quot;text&quot;}\" data-widget_type=\"dyncontel-acf.default\">\n\t\t\t\t<div class=\"elementor-widget-container\">\n\t\t\t\t\t<div class=\"dynamic-content-for-elementor-acf \">Une s\u00e9lection de produits \u00e0 base de truffes pour vous. Fabriqu\u00e9s \u00e0 la main en Suisse avec des truffes suisses. Sans ar\u00f4mes artificiels, pour un pur plaisir truff\u00e9. Votre commande sera livr\u00e9e directement par le producteur.<\/div>\t\t\t\t<\/div>\n\t\t\t\t<\/div>\n\t\t\t\t<div class=\"elementor-element elementor-element-3805bfa elementor-widget elementor-widget-dyncontel-acf\" data-id=\"3805bfa\" data-element_type=\"widget\" data-settings=\"{&quot;acf_field_list&quot;:&quot;preis_produkt&quot;,&quot;acf_type&quot;:&quot;text&quot;}\" data-widget_type=\"dyncontel-acf.default\">\n\t\t\t\t<div class=\"elementor-widget-container\">\n\t\t\t\t\t<div class=\"dynamic-content-for-elementor-acf \">CHF 25.00<\/div>\t\t\t\t<\/div>\n\t\t\t\t<\/div>\n\t\t\t\t<div class=\"elementor-element elementor-element-02a756c elementor-widget elementor-widget-dyncontel-acf\" data-id=\"02a756c\" data-element_type=\"widget\" data-settings=\"{&quot;acf_field_list&quot;:&quot;url_produkt&quot;,&quot;acf_type&quot;:&quot;empty&quot;}\" data-widget_type=\"dyncontel-acf.default\">\n\t\t\t\t<div class=\"elementor-widget-container\">\n\t\t\t\t\t<div class=\"dynamic-content-for-elementor-acf \"><a href=\"https:\/\/trueffel-frank.ch\/category\/produkte\/\"><span class=\"tx-before\">Commander<\/span><\/a><\/div>\t\t\t\t<\/div>\n\t\t\t\t<\/div>\n\t\t\t\t\t<\/div>\n\t\t<\/div>\n\t\t\t\t\t<\/div>\n\t\t<\/section>\n\t\t\t\t<\/div>\n\t\t<\/div><div class=\"dce-acf-repeater-item\">\t\t<div data-elementor-type=\"section\" data-elementor-id=\"2092\" class=\"elementor elementor-2092 dce-elementor-rendering-id-2 elementor-1432\" data-elementor-post-type=\"elementor_library\">\n\t\t\t\t\t<section class=\"elementor-section elementor-top-section elementor-element elementor-element-7b6f2a20 elementor-section-boxed elementor-section-height-default elementor-section-height-default\" data-id=\"7b6f2a20\" data-element_type=\"section\">\n\t\t\t\t\t\t<div class=\"elementor-container elementor-column-gap-default\">\n\t\t\t\t\t<div data-dce-background-color=\"#F7F7F7\" class=\"elementor-column elementor-col-100 elementor-top-column elementor-element elementor-element-6a76a755\" data-id=\"6a76a755\" data-element_type=\"column\" data-settings=\"{&quot;background_background&quot;:&quot;classic&quot;}\">\n\t\t\t<div class=\"elementor-widget-wrap elementor-element-populated\">\n\t\t\t\t\t\t<div class=\"elementor-element elementor-element-3f07cd7 use-bg0 elementor-widget elementor-widget-dyncontel-acf\" data-id=\"3f07cd7\" data-element_type=\"widget\" data-settings=\"{&quot;acf_field_list&quot;:&quot;bild_produkt&quot;,&quot;acf_type&quot;:&quot;image&quot;}\" data-widget_type=\"dyncontel-acf.default\">\n\t\t\t\t<div class=\"elementor-widget-container\">\n\t\t\t\t\t<div class=\"dynamic-content-for-elementor-acf \"><div class=\"acf-image\"><div class=\"mask\"><div class=\"wrap-filters\"><img decoding=\"async\" src=\"https:\/\/www.trueffel-vom-hof.ch\/wp-content\/uploads\/2020\/03\/Tartufo.webp\" alt=\"\" \/><\/div><\/div><div class=\"dce-overlay_hover\"><\/div><\/div><\/div>\t\t\t\t<\/div>\n\t\t\t\t<\/div>\n\t\t\t\t<div class=\"elementor-element elementor-element-79c93c9 elementor-widget elementor-widget-dyncontel-acf\" data-id=\"79c93c9\" data-element_type=\"widget\" data-settings=\"{&quot;acf_field_list&quot;:&quot;titel_produkt&quot;,&quot;acf_type&quot;:&quot;text&quot;}\" data-widget_type=\"dyncontel-acf.default\">\n\t\t\t\t<div class=\"elementor-widget-container\">\n\t\t\t\t\t<h2 class=\"dynamic-content-for-elementor-acf \">Burger \u00e0 la truffe et au chevreuil<\/h2>\t\t\t\t<\/div>\n\t\t\t\t<\/div>\n\t\t\t\t<div class=\"elementor-element elementor-element-5b094140 elementor-widget elementor-widget-dyncontel-acf\" data-id=\"5b094140\" data-element_type=\"widget\" data-settings=\"{&quot;acf_field_list&quot;:&quot;beschreibung_produkt&quot;,&quot;acf_type&quot;:&quot;text&quot;}\" data-widget_type=\"dyncontel-acf.default\">\n\t\t\t\t<div class=\"elementor-widget-container\">\n\t\t\t\t\t<div class=\"dynamic-content-for-elementor-acf \">Tart-Ufo \u2013 le plaisir surnaturel de la truffe. Burger raffin\u00e9 avec 15 % de truffe de Bourgogne du Jurapark et viande de chevreuil provenant de la chasse de B\u00f6zberg.<\/div>\t\t\t\t<\/div>\n\t\t\t\t<\/div>\n\t\t\t\t<div class=\"elementor-element elementor-element-3805bfa elementor-widget elementor-widget-dyncontel-acf\" data-id=\"3805bfa\" data-element_type=\"widget\" data-settings=\"{&quot;acf_field_list&quot;:&quot;preis_produkt&quot;,&quot;acf_type&quot;:&quot;text&quot;}\" data-widget_type=\"dyncontel-acf.default\">\n\t\t\t\t<div class=\"elementor-widget-container\">\n\t\t\t\t\t<div class=\"dynamic-content-for-elementor-acf \">CHF 15.00<\/div>\t\t\t\t<\/div>\n\t\t\t\t<\/div>\n\t\t\t\t<div class=\"elementor-element elementor-element-02a756c elementor-widget elementor-widget-dyncontel-acf\" data-id=\"02a756c\" data-element_type=\"widget\" data-settings=\"{&quot;acf_field_list&quot;:&quot;url_produkt&quot;,&quot;acf_type&quot;:&quot;empty&quot;}\" data-widget_type=\"dyncontel-acf.default\">\n\t\t\t\t<div class=\"elementor-widget-container\">\n\t\t\t\t\t<div class=\"dynamic-content-for-elementor-acf \"><a href=\"https:\/\/www.feines-vom-wald.ch\/shop\/tart-ufo\/\"><span class=\"tx-before\">Commander<\/span><\/a><\/div>\t\t\t\t<\/div>\n\t\t\t\t<\/div>\n\t\t\t\t\t<\/div>\n\t\t<\/div>\n\t\t\t\t\t<\/div>\n\t\t<\/section>\n\t\t\t\t<\/div>\n\t\t<\/div><div class=\"dce-acf-repeater-item\">\t\t<div data-elementor-type=\"section\" data-elementor-id=\"2092\" class=\"elementor elementor-2092 dce-elementor-rendering-id-3 elementor-1432\" data-elementor-post-type=\"elementor_library\">\n\t\t\t\t\t<section class=\"elementor-section elementor-top-section elementor-element elementor-element-7b6f2a20 elementor-section-boxed elementor-section-height-default elementor-section-height-default\" data-id=\"7b6f2a20\" data-element_type=\"section\">\n\t\t\t\t\t\t<div class=\"elementor-container elementor-column-gap-default\">\n\t\t\t\t\t<div data-dce-background-color=\"#F7F7F7\" class=\"elementor-column elementor-col-100 elementor-top-column elementor-element elementor-element-6a76a755\" data-id=\"6a76a755\" data-element_type=\"column\" data-settings=\"{&quot;background_background&quot;:&quot;classic&quot;}\">\n\t\t\t<div class=\"elementor-widget-wrap elementor-element-populated\">\n\t\t\t\t\t\t<div class=\"elementor-element elementor-element-3f07cd7 use-bg0 elementor-widget elementor-widget-dyncontel-acf\" data-id=\"3f07cd7\" data-element_type=\"widget\" data-settings=\"{&quot;acf_field_list&quot;:&quot;bild_produkt&quot;,&quot;acf_type&quot;:&quot;image&quot;}\" data-widget_type=\"dyncontel-acf.default\">\n\t\t\t\t<div class=\"elementor-widget-container\">\n\t\t\t\t\t<div class=\"dynamic-content-for-elementor-acf \"><div class=\"acf-image\"><div class=\"mask\"><div class=\"wrap-filters\"><img decoding=\"async\" src=\"https:\/\/www.trueffel-vom-hof.ch\/wp-content\/uploads\/2020\/03\/Burgunderli.webp\" alt=\"\" \/><\/div><\/div><div class=\"dce-overlay_hover\"><\/div><\/div><\/div>\t\t\t\t<\/div>\n\t\t\t\t<\/div>\n\t\t\t\t<div class=\"elementor-element elementor-element-79c93c9 elementor-widget elementor-widget-dyncontel-acf\" data-id=\"79c93c9\" data-element_type=\"widget\" data-settings=\"{&quot;acf_field_list&quot;:&quot;titel_produkt&quot;,&quot;acf_type&quot;:&quot;text&quot;}\" data-widget_type=\"dyncontel-acf.default\">\n\t\t\t\t<div class=\"elementor-widget-container\">\n\t\t\t\t\t<h2 class=\"dynamic-content-for-elementor-acf \">Burgunderli<\/h2>\t\t\t\t<\/div>\n\t\t\t\t<\/div>\n\t\t\t\t<div class=\"elementor-element elementor-element-5b094140 elementor-widget elementor-widget-dyncontel-acf\" data-id=\"5b094140\" data-element_type=\"widget\" data-settings=\"{&quot;acf_field_list&quot;:&quot;beschreibung_produkt&quot;,&quot;acf_type&quot;:&quot;text&quot;}\" data-widget_type=\"dyncontel-acf.default\">\n\t\t\t\t<div class=\"elementor-widget-container\">\n\t\t\t\t\t<div class=\"dynamic-content-for-elementor-acf \">Barres chocolat\u00e9es maison ou moules \u00e0 pralin\u00e9s fourr\u00e9s \u00e0 la truffe de Bourgogne du Parc du Jura : une combinaison de saveurs indescriptible.<\/div>\t\t\t\t<\/div>\n\t\t\t\t<\/div>\n\t\t\t\t<div class=\"elementor-element elementor-element-3805bfa elementor-widget elementor-widget-dyncontel-acf\" data-id=\"3805bfa\" data-element_type=\"widget\" data-settings=\"{&quot;acf_field_list&quot;:&quot;preis_produkt&quot;,&quot;acf_type&quot;:&quot;text&quot;}\" data-widget_type=\"dyncontel-acf.default\">\n\t\t\t\t<div class=\"elementor-widget-container\">\n\t\t\t\t\t<div class=\"dynamic-content-for-elementor-acf \">CHF 12.00<\/div>\t\t\t\t<\/div>\n\t\t\t\t<\/div>\n\t\t\t\t<div class=\"elementor-element elementor-element-02a756c elementor-widget elementor-widget-dyncontel-acf\" data-id=\"02a756c\" data-element_type=\"widget\" data-settings=\"{&quot;acf_field_list&quot;:&quot;url_produkt&quot;,&quot;acf_type&quot;:&quot;empty&quot;}\" data-widget_type=\"dyncontel-acf.default\">\n\t\t\t\t<div class=\"elementor-widget-container\">\n\t\t\t\t\t<div class=\"dynamic-content-for-elementor-acf \"><a href=\"https:\/\/www.feines-vom-wald.ch\/shop\/suesses-mit-trueffel\/\"><span class=\"tx-before\">Commander<\/span><\/a><\/div>\t\t\t\t<\/div>\n\t\t\t\t<\/div>\n\t\t\t\t\t<\/div>\n\t\t<\/div>\n\t\t\t\t\t<\/div>\n\t\t<\/section>\n\t\t\t\t<\/div>\n\t\t<\/div><div class=\"dce-acf-repeater-item\">\t\t<div data-elementor-type=\"section\" data-elementor-id=\"2092\" class=\"elementor elementor-2092 dce-elementor-rendering-id-4 elementor-1432\" data-elementor-post-type=\"elementor_library\">\n\t\t\t\t\t<section class=\"elementor-section elementor-top-section elementor-element elementor-element-7b6f2a20 elementor-section-boxed elementor-section-height-default elementor-section-height-default\" data-id=\"7b6f2a20\" data-element_type=\"section\">\n\t\t\t\t\t\t<div class=\"elementor-container elementor-column-gap-default\">\n\t\t\t\t\t<div data-dce-background-color=\"#F7F7F7\" class=\"elementor-column elementor-col-100 elementor-top-column elementor-element elementor-element-6a76a755\" data-id=\"6a76a755\" data-element_type=\"column\" data-settings=\"{&quot;background_background&quot;:&quot;classic&quot;}\">\n\t\t\t<div class=\"elementor-widget-wrap elementor-element-populated\">\n\t\t\t\t\t\t<div class=\"elementor-element elementor-element-3f07cd7 use-bg0 elementor-widget elementor-widget-dyncontel-acf\" data-id=\"3f07cd7\" data-element_type=\"widget\" data-settings=\"{&quot;acf_field_list&quot;:&quot;bild_produkt&quot;,&quot;acf_type&quot;:&quot;image&quot;}\" data-widget_type=\"dyncontel-acf.default\">\n\t\t\t\t<div class=\"elementor-widget-container\">\n\t\t\t\t\t<div class=\"dynamic-content-for-elementor-acf \"><div class=\"acf-image\"><div class=\"mask\"><div class=\"wrap-filters\"><img decoding=\"async\" src=\"https:\/\/www.trueffel-vom-hof.ch\/wp-content\/uploads\/2020\/03\/Salami.webp\" alt=\"\" \/><\/div><\/div><div class=\"dce-overlay_hover\"><\/div><\/div><\/div>\t\t\t\t<\/div>\n\t\t\t\t<\/div>\n\t\t\t\t<div class=\"elementor-element elementor-element-79c93c9 elementor-widget elementor-widget-dyncontel-acf\" data-id=\"79c93c9\" data-element_type=\"widget\" data-settings=\"{&quot;acf_field_list&quot;:&quot;titel_produkt&quot;,&quot;acf_type&quot;:&quot;text&quot;}\" data-widget_type=\"dyncontel-acf.default\">\n\t\t\t\t<div class=\"elementor-widget-container\">\n\t\t\t\t\t<h2 class=\"dynamic-content-for-elementor-acf \">Salami de sanglier aux truffes de printemps<\/h2>\t\t\t\t<\/div>\n\t\t\t\t<\/div>\n\t\t\t\t<div class=\"elementor-element elementor-element-5b094140 elementor-widget elementor-widget-dyncontel-acf\" data-id=\"5b094140\" data-element_type=\"widget\" data-settings=\"{&quot;acf_field_list&quot;:&quot;beschreibung_produkt&quot;,&quot;acf_type&quot;:&quot;text&quot;}\" data-widget_type=\"dyncontel-acf.default\">\n\t\t\t\t<div class=\"elementor-widget-container\">\n\t\t\t\t\t<div class=\"dynamic-content-for-elementor-acf \">Salami s\u00e9ch\u00e9 \u00e0 l'air libre, fait maison, enrob\u00e9 d'une couche de moisissure noble, avec 5,5 % de truffes de printemps (I) et de viande de sanglier, sans ar\u00f4mes artificiels.<\/div>\t\t\t\t<\/div>\n\t\t\t\t<\/div>\n\t\t\t\t<div class=\"elementor-element elementor-element-3805bfa elementor-widget elementor-widget-dyncontel-acf\" data-id=\"3805bfa\" data-element_type=\"widget\" data-settings=\"{&quot;acf_field_list&quot;:&quot;preis_produkt&quot;,&quot;acf_type&quot;:&quot;text&quot;}\" data-widget_type=\"dyncontel-acf.default\">\n\t\t\t\t<div class=\"elementor-widget-container\">\n\t\t\t\t\t<div class=\"dynamic-content-for-elementor-acf \">CHF 26.00<\/div>\t\t\t\t<\/div>\n\t\t\t\t<\/div>\n\t\t\t\t<div class=\"elementor-element elementor-element-02a756c elementor-widget elementor-widget-dyncontel-acf\" data-id=\"02a756c\" data-element_type=\"widget\" data-settings=\"{&quot;acf_field_list&quot;:&quot;url_produkt&quot;,&quot;acf_type&quot;:&quot;empty&quot;}\" data-widget_type=\"dyncontel-acf.default\">\n\t\t\t\t<div class=\"elementor-widget-container\">\n\t\t\t\t\t<div class=\"dynamic-content-for-elementor-acf \"><a href=\"https:\/\/www.feines-vom-wald.ch\/shop\/hausgemachte-salami\/\"><span class=\"tx-before\">Commander<\/span><\/a><\/div>\t\t\t\t<\/div>\n\t\t\t\t<\/div>\n\t\t\t\t\t<\/div>\n\t\t<\/div>\n\t\t\t\t\t<\/div>\n\t\t<\/section>\n\t\t\t\t<\/div>\n\t\t<\/div><div class=\"dce-acf-repeater-item\">\t\t<div data-elementor-type=\"section\" data-elementor-id=\"2092\" class=\"elementor elementor-2092 dce-elementor-rendering-id-5 elementor-1432\" data-elementor-post-type=\"elementor_library\">\n\t\t\t\t\t<section class=\"elementor-section elementor-top-section elementor-element elementor-element-7b6f2a20 elementor-section-boxed elementor-section-height-default elementor-section-height-default\" data-id=\"7b6f2a20\" data-element_type=\"section\">\n\t\t\t\t\t\t<div class=\"elementor-container elementor-column-gap-default\">\n\t\t\t\t\t<div data-dce-background-color=\"#F7F7F7\" class=\"elementor-column elementor-col-100 elementor-top-column elementor-element elementor-element-6a76a755\" data-id=\"6a76a755\" data-element_type=\"column\" data-settings=\"{&quot;background_background&quot;:&quot;classic&quot;}\">\n\t\t\t<div class=\"elementor-widget-wrap elementor-element-populated\">\n\t\t\t\t\t\t<div class=\"elementor-element elementor-element-3f07cd7 use-bg0 elementor-widget elementor-widget-dyncontel-acf\" data-id=\"3f07cd7\" data-element_type=\"widget\" data-settings=\"{&quot;acf_field_list&quot;:&quot;bild_produkt&quot;,&quot;acf_type&quot;:&quot;image&quot;}\" data-widget_type=\"dyncontel-acf.default\">\n\t\t\t\t<div class=\"elementor-widget-container\">\n\t\t\t\t\t<div class=\"dynamic-content-for-elementor-acf \"><div class=\"acf-image\"><div class=\"mask\"><div class=\"wrap-filters\"><img decoding=\"async\" src=\"https:\/\/www.trueffel-vom-hof.ch\/wp-content\/uploads\/2025\/07\/TRU_BONVILLARS_04-scaled.jpg\" alt=\"\" \/><\/div><\/div><div class=\"dce-overlay_hover\"><\/div><\/div><\/div>\t\t\t\t<\/div>\n\t\t\t\t<\/div>\n\t\t\t\t<div class=\"elementor-element elementor-element-79c93c9 elementor-widget elementor-widget-dyncontel-acf\" data-id=\"79c93c9\" data-element_type=\"widget\" data-settings=\"{&quot;acf_field_list&quot;:&quot;titel_produkt&quot;,&quot;acf_type&quot;:&quot;text&quot;}\" data-widget_type=\"dyncontel-acf.default\">\n\t\t\t\t<div class=\"elementor-widget-container\">\n\t\t\t\t\t<h2 class=\"dynamic-content-for-elementor-acf \">Visite de la truffi\u00e8re didactique de Bonvillars<\/h2>\t\t\t\t<\/div>\n\t\t\t\t<\/div>\n\t\t\t\t<div class=\"elementor-element elementor-element-5b094140 elementor-widget elementor-widget-dyncontel-acf\" data-id=\"5b094140\" data-element_type=\"widget\" data-settings=\"{&quot;acf_field_list&quot;:&quot;beschreibung_produkt&quot;,&quot;acf_type&quot;:&quot;text&quot;}\" data-widget_type=\"dyncontel-acf.default\">\n\t\t\t\t<div class=\"elementor-widget-container\">\n\t\t\t\t\t<div class=\"dynamic-content-for-elementor-acf \">Un lieu idyllique, situ\u00e9 au pied du vignoble de Bonvillars, \u00e0 14km d'Yverdon-les-Bains, la parcelle de 6'000 m\u00b2 surplombe le lac de Neuch\u00e2tel. La truffi\u00e8re regroupe 12 essences et plus de 240 arbres plant\u00e9s en 2016, une fois mycorhiz\u00e9s.<\/div>\t\t\t\t<\/div>\n\t\t\t\t<\/div>\n\t\t\t\t<div class=\"elementor-element elementor-element-3805bfa elementor-widget elementor-widget-dyncontel-acf\" data-id=\"3805bfa\" data-element_type=\"widget\" data-settings=\"{&quot;acf_field_list&quot;:&quot;preis_produkt&quot;,&quot;acf_type&quot;:&quot;text&quot;}\" data-widget_type=\"dyncontel-acf.default\">\n\t\t\t\t<div class=\"elementor-widget-container\">\n\t\t\t\t\t<div class=\"dynamic-content-for-elementor-acf \">CHF 59.00<\/div>\t\t\t\t<\/div>\n\t\t\t\t<\/div>\n\t\t\t\t<div class=\"elementor-element elementor-element-02a756c elementor-widget elementor-widget-dyncontel-acf\" data-id=\"02a756c\" data-element_type=\"widget\" data-settings=\"{&quot;acf_field_list&quot;:&quot;url_produkt&quot;,&quot;acf_type&quot;:&quot;empty&quot;}\" data-widget_type=\"dyncontel-acf.default\">\n\t\t\t\t<div class=\"elementor-widget-container\">\n\t\t\t\t\t<div class=\"dynamic-content-for-elementor-acf \"><a href=\"https:\/\/www.truffevaudoise.ch\/visites\/reservation-visites\/#\/\"><span class=\"tx-before\">Commander<\/span><\/a><\/div>\t\t\t\t<\/div>\n\t\t\t\t<\/div>\n\t\t\t\t\t<\/div>\n\t\t<\/div>\n\t\t\t\t\t<\/div>\n\t\t<\/section>\n\t\t\t\t<\/div>\n\t\t<\/div><\/div><\/div>\t\t\t\t<\/div>\n\t\t\t\t<\/div>\n\t\t\t\t\t<\/div>\n\t\t<\/div>\n\t\t\t\t\t<\/div>\n\t\t<\/section>\n\t\t\t\t<\/div>\n\t\t","protected":false},"excerpt":{"rendered":"<p>Une s\u00e9lection de produits \u00e0 base de truffes pour vous. Fabriqu\u00e9s \u00e0 la main en Suisse avec des truffes suisses. Sans ar\u00f4mes artificiels, pour un pur plaisir truff\u00e9. Votre commande sera livr\u00e9e directement par le producteur. Tr\u00fcffel-Fondue Tr\u00fcffel-Fondue Fondue-Mischung Moiti\u00e9-Moiti\u00e9 mit Schweizer Herbsttr\u00fcffel Tr\u00fcffelanteil 7 % 430 gr. f\u00fcr 2 Personen CHF 25.00 Bestellen Tr\u00fcffel-Burger [&hellip;]<\/p>\n","protected":false},"author":1,"featured_media":1861,"parent":0,"menu_order":0,"comment_status":"closed","ping_status":"closed","template":"","meta":{"_acf_changed":false,"site-sidebar-layout":"no-sidebar","site-content-layout":"page-builder","ast-site-content-layout":"default","site-content-style":"default","site-sidebar-style":"default","ast-global-header-display":"","ast-banner-title-visibility":"","ast-main-header-display":"","ast-hfb-above-header-display":"","ast-hfb-below-header-display":"","ast-hfb-mobile-header-display":"","site-post-title":"disabled","ast-breadcrumbs-content":"","ast-featured-img":"disabled","footer-sml-layout":"","theme-transparent-header-meta":"default","adv-header-id-meta":"","stick-header-meta":"default","header-above-stick-meta":"","header-main-stick-meta":"","header-below-stick-meta":"","astra-migrate-meta-layouts":"default","ast-page-background-enabled":"default","ast-page-background-meta":{"desktop":{"background-color":"","background-image":"","background-repeat":"repeat","background-position":"center center","background-size":"auto","background-attachment":"scroll","background-type":"","background-media":"","overlay-type":"","overlay-color":"","overlay-opacity":"","overlay-gradient":""},"tablet":{"background-color":"","background-image":"","background-repeat":"repeat","background-position":"center center","background-size":"auto","background-attachment":"scroll","background-type":"","background-media":"","overlay-type":"","overlay-color":"","overlay-opacity":"","overlay-gradient":""},"mobile":{"background-color":"","background-image":"","background-repeat":"repeat","background-position":"center center","background-size":"auto","background-attachment":"scroll","background-type":"","background-media":"","overlay-type":"","overlay-color":"","overlay-opacity":"","overlay-gradient":""}},"ast-content-background-meta":{"desktop":{"background-color":"var(--ast-global-color-5)","background-image":"","background-repeat":"repeat","background-position":"center center","background-size":"auto","background-attachment":"scroll","background-type":"","background-media":"","overlay-type":"","overlay-color":"","overlay-opacity":"","overlay-gradient":""},"tablet":{"background-color":"var(--ast-global-color-5)","background-image":"","background-repeat":"repeat","background-position":"center center","background-size":"auto","background-attachment":"scroll","background-type":"","background-media":"","overlay-type":"","overlay-color":"","overlay-opacity":"","overlay-gradient":""},"mobile":{"background-color":"var(--ast-global-color-5)","background-image":"","background-repeat":"repeat","background-position":"center center","background-size":"auto","background-attachment":"scroll","background-type":"","background-media":"","overlay-type":"","overlay-color":"","overlay-opacity":"","overlay-gradient":""}},"footnotes":""},"class_list":["post-1961","page","type-page","status-publish","has-post-thumbnail","hentry"],"acf":[],"_links":{"self":[{"href":"https:\/\/www.trueffel-vom-hof.ch\/fr\/wp-json\/wp\/v2\/pages\/1961","targetHints":{"allow":["GET"]}}],"collection":[{"href":"https:\/\/www.trueffel-vom-hof.ch\/fr\/wp-json\/wp\/v2\/pages"}],"about":[{"href":"https:\/\/www.trueffel-vom-hof.ch\/fr\/wp-json\/wp\/v2\/types\/page"}],"author":[{"embeddable":true,"href":"https:\/\/www.trueffel-vom-hof.ch\/fr\/wp-json\/wp\/v2\/users\/1"}],"replies":[{"embeddable":true,"href":"https:\/\/www.trueffel-vom-hof.ch\/fr\/wp-json\/wp\/v2\/comments?post=1961"}],"version-history":[{"count":9,"href":"https:\/\/www.trueffel-vom-hof.ch\/fr\/wp-json\/wp\/v2\/pages\/1961\/revisions"}],"predecessor-version":[{"id":2097,"href":"https:\/\/www.trueffel-vom-hof.ch\/fr\/wp-json\/wp\/v2\/pages\/1961\/revisions\/2097"}],"wp:featuredmedia":[{"embeddable":true,"href":"https:\/\/www.trueffel-vom-hof.ch\/fr\/wp-json\/wp\/v2\/media\/1861"}],"wp:attachment":[{"href":"https:\/\/www.trueffel-vom-hof.ch\/fr\/wp-json\/wp\/v2\/media?parent=1961"}],"curies":[{"name":"wp","href":"https:\/\/api.w.org\/{rel}","templated":true}]}}